{"id":8,"date":"2017-04-18T17:38:46","date_gmt":"2017-04-18T14:38:46","guid":{"rendered":"http:\/\/ileras.com.tr\/en\/?page_id=8"},"modified":"2026-03-11T17:49:39","modified_gmt":"2026-03-11T14:49:39","slug":"special-projects","status":"publish","type":"page","link":"https:\/\/www.ileras.com.tr\/en\/special-projects\/","title":{"rendered":"SPECIAL PROJECTS"},"content":{"rendered":"<p><div class=\"fusion-fullwidth fullwidth-box fusion-builder-row-1 fusion-flex-container hundred-percent-fullwidth non-hundred-percent-height-scrolling\" style=\"--awb-border-radius-top-left:0px;--awb-border-radius-top-right:0px;--awb-border-radius-bottom-right:0px;--awb-border-radius-bottom-left:0px;--awb-padding-right:0px;--awb-padding-left:0px;--awb-flex-wrap:wrap;\" ><div class=\"fusion-builder-row fusion-row fusion-flex-align-items-flex-start fusion-flex-content-wrap\" style=\"width:104% !important;max-width:104% !important;margin-left: calc(-4% \/ 2 );margin-right: calc(-4% \/ 2 );\"><div class=\"fusion-layout-column fusion_builder_column fusion-builder-column-0 fusion_builder_column_1_1 1_1 fusion-flex-column\" style=\"--awb-bg-size:cover;--awb-width-large:100%;--awb-margin-top-large:0px;--awb-spacing-right-large:1.92%;--awb-margin-bottom-large:20px;--awb-spacing-left-large:1.92%;--awb-width-medium:100%;--awb-order-medium:0;--awb-spacing-right-medium:1.92%;--awb-spacing-left-medium:1.92%;--awb-width-small:100%;--awb-order-small:0;--awb-spacing-right-small:1.92%;--awb-spacing-left-small:1.92%;\"><div class=\"fusion-column-wrapper fusion-column-has-shadow fusion-flex-justify-content-flex-start fusion-content-layout-column\"><div class=\"fusion-text fusion-text-1\"><div id=\"metaslider-id-161\" style=\"width: 100%;\" class=\"ml-slider-3-106-0 metaslider metaslider-flex metaslider-161 ml-slider has-dots-nav ms-theme-default-base\" role=\"region\" aria-label=\"spe\" data-height=\"500\" data-width=\"1500\">\n    <div id=\"metaslider_container_161\">\n        <div id=\"metaslider_161\">\n            <ul aria-live='off' class='slides'>\n                <li style=\"display: block; width: 100%;\" class=\"slide-169 ms-image \" aria-roledescription=\"slide\" data-date=\"2026-03-11 17:16:31\" data-filename=\"slide-1-en.jpg\" data-slide-type=\"image\"><img decoding=\"async\" src=\"https:\/\/www.ileras.com.tr\/en\/wp-content\/uploads\/2017\/04\/slide-1-en.jpg\" height=\"500\" width=\"1500\" alt=\"\" class=\"slider-161 slide-169 msDefaultImage\" title=\"slide-1-en\" \/><\/li>\n                <li style=\"display: none; width: 100%;\" class=\"slide-171 ms-image \" aria-roledescription=\"slide\" data-date=\"2026-03-11 17:16:31\" data-filename=\"slide-2-en.jpg\" data-slide-type=\"image\"><img decoding=\"async\" src=\"https:\/\/www.ileras.com.tr\/en\/wp-content\/uploads\/2017\/04\/slide-2-en.jpg\" height=\"500\" width=\"1500\" alt=\"\" class=\"slider-161 slide-171 msDefaultImage\" title=\"slide-2-en\" \/><\/li>\n                <li style=\"display: none; width: 100%;\" class=\"slide-170 ms-image \" aria-roledescription=\"slide\" data-date=\"2026-03-11 17:16:31\" data-filename=\"slide-2.jpg\" data-slide-type=\"image\"><img decoding=\"async\" src=\"https:\/\/www.ileras.com.tr\/en\/wp-content\/uploads\/2017\/04\/slide-2.jpg\" height=\"500\" width=\"1500\" alt=\"\" class=\"slider-161 slide-170 msDefaultImage\" title=\"slide-2\" \/><\/li>\n            <\/ul>\n        <\/div>\n        \n    <\/div>\n<\/div>\n<\/div><\/div><\/div><\/div><\/div><div class=\"fusion-fullwidth fullwidth-box fusion-builder-row-2 fusion-flex-container has-pattern-background has-mask-background hundred-percent-fullwidth non-hundred-percent-height-scrolling\" style=\"--awb-border-radius-top-left:0px;--awb-border-radius-top-right:0px;--awb-border-radius-bottom-right:0px;--awb-border-radius-bottom-left:0px;--awb-flex-wrap:wrap;\" ><div class=\"fusion-builder-row fusion-row fusion-flex-align-items-flex-start fusion-flex-content-wrap\" style=\"width:104% !important;max-width:104% !important;margin-left: calc(-4% \/ 2 );margin-right: calc(-4% \/ 2 );\"><div class=\"fusion-layout-column fusion_builder_column fusion-builder-column-1 fusion_builder_column_1_1 1_1 fusion-flex-column\" style=\"--awb-bg-size:cover;--awb-width-large:100%;--awb-margin-top-large:0px;--awb-spacing-right-large:1.92%;--awb-margin-bottom-large:20px;--awb-spacing-left-large:1.92%;--awb-width-medium:100%;--awb-order-medium:0;--awb-spacing-right-medium:1.92%;--awb-spacing-left-medium:1.92%;--awb-width-small:100%;--awb-order-small:0;--awb-spacing-right-small:1.92%;--awb-spacing-left-small:1.92%;\"><div class=\"fusion-column-wrapper fusion-column-has-shadow fusion-flex-justify-content-flex-start fusion-content-layout-column\"><div class=\"fusion-text fusion-text-2\"><h1 style=\"text-align: center;\">\u0130LER A.\u015e. PROJECTS CONSTRUCTION<\/h1>\n<h2>With special construction projects in Afyonkarahisar, \u0130LER A\u015e make a great bu\u0131ld\u0131ngs and living spaces with suites, 1 + 1 flats, 2 + 1 flats, 3 + 1 flats, luxury flats, turnkey flats. We look forward to welcoming you in our office for nice and Lux Flats and Buildings.<\/h2>\n<\/div><div class=\"awb-gallery-wrapper awb-gallery-wrapper-1 button-span-no\" style=\"--more-btn-alignment:center;\"><div style=\"margin:-8px;--awb-aspect-ratio:1 \/ 1;--awb-bordersize:7px;--awb-border-radius:15px;--awb-columns-medium:100%;--awb-columns-small:100%;\" class=\"fusion-gallery fusion-gallery-container fusion-grid-3 fusion-columns-total-3 fusion-gallery-layout-grid fusion-gallery-1 has-aspect-ratio\"><div style=\"padding:8px;\" class=\"fusion-grid-column fusion-gallery-column fusion-gallery-column-3 hover-type-none\"><div class=\"fusion-gallery-image\"><a href=\"https:\/\/www.ileras.com.tr\/en\/wp-content\/uploads\/2017\/04\/DJI_0020.jpg\" rel=\"noreferrer\" data-rel=\"iLightbox[gallery_image_1]\" class=\"fusion-lightbox\" target=\"_self\"><img decoding=\"async\" src=\"https:\/\/www.ileras.com.tr\/en\/wp-content\/uploads\/2017\/04\/DJI_0020.jpg\" width=\"1500\" height=\"844\" alt=\"\" title=\"3\" aria-label=\"3\" class=\"img-responsive wp-image-121\" srcset=\"https:\/\/www.ileras.com.tr\/en\/wp-content\/uploads\/2017\/04\/DJI_0020-200x113.jpg 200w, https:\/\/www.ileras.com.tr\/en\/wp-content\/uploads\/2017\/04\/DJI_0020-400x225.jpg 400w, https:\/\/www.ileras.com.tr\/en\/wp-content\/uploads\/2017\/04\/DJI_0020-600x338.jpg 600w, https:\/\/www.ileras.com.tr\/en\/wp-content\/uploads\/2017\/04\/DJI_0020-800x450.jpg 800w, https:\/\/www.ileras.com.tr\/en\/wp-content\/uploads\/2017\/04\/DJI_0020-1200x675.jpg 1200w, https:\/\/www.ileras.com.tr\/en\/wp-content\/uploads\/2017\/04\/DJI_0020.jpg 1500w\" sizes=\"(min-width: 2200px) 100vw, (min-width: 784px) 361px, (min-width: 712px) 542px, (min-width: 640px) 712px, \" \/><\/a><\/div><\/div><div style=\"padding:8px;\" class=\"fusion-grid-column fusion-gallery-column fusion-gallery-column-3 hover-type-none\"><div class=\"fusion-gallery-image\"><a href=\"https:\/\/www.ileras.com.tr\/en\/wp-content\/uploads\/2017\/04\/DJI_0015.jpg\" rel=\"noreferrer\" data-rel=\"iLightbox[gallery_image_1]\" class=\"fusion-lightbox\" target=\"_self\"><img decoding=\"async\" src=\"https:\/\/www.ileras.com.tr\/en\/wp-content\/uploads\/2017\/04\/DJI_0015.jpg\" width=\"1200\" height=\"675\" alt=\"\" title=\"2\" aria-label=\"2\" class=\"img-responsive wp-image-120\" srcset=\"https:\/\/www.ileras.com.tr\/en\/wp-content\/uploads\/2017\/04\/DJI_0015-200x113.jpg 200w, https:\/\/www.ileras.com.tr\/en\/wp-content\/uploads\/2017\/04\/DJI_0015-400x225.jpg 400w, https:\/\/www.ileras.com.tr\/en\/wp-content\/uploads\/2017\/04\/DJI_0015-600x338.jpg 600w, https:\/\/www.ileras.com.tr\/en\/wp-content\/uploads\/2017\/04\/DJI_0015-800x450.jpg 800w, https:\/\/www.ileras.com.tr\/en\/wp-content\/uploads\/2017\/04\/DJI_0015.jpg 1200w\" sizes=\"(min-width: 2200px) 100vw, (min-width: 784px) 361px, (min-width: 712px) 542px, (min-width: 640px) 712px, \" \/><\/a><\/div><\/div><div style=\"padding:8px;\" class=\"fusion-grid-column fusion-gallery-column fusion-gallery-column-3 hover-type-none\"><div class=\"fusion-gallery-image\"><a href=\"https:\/\/www.ileras.com.tr\/en\/wp-content\/uploads\/2017\/04\/13516643_10208841112000355_8597313758626783599_n.jpg\" rel=\"noreferrer\" data-rel=\"iLightbox[gallery_image_1]\" class=\"fusion-lightbox\" target=\"_self\"><img decoding=\"async\" src=\"https:\/\/www.ileras.com.tr\/en\/wp-content\/uploads\/2017\/04\/13516643_10208841112000355_8597313758626783599_n.jpg\" width=\"960\" height=\"540\" alt=\"\" title=\"1\" aria-label=\"1\" class=\"img-responsive wp-image-119\" srcset=\"https:\/\/www.ileras.com.tr\/en\/wp-content\/uploads\/2017\/04\/13516643_10208841112000355_8597313758626783599_n-200x113.jpg 200w, https:\/\/www.ileras.com.tr\/en\/wp-content\/uploads\/2017\/04\/13516643_10208841112000355_8597313758626783599_n-400x225.jpg 400w, https:\/\/www.ileras.com.tr\/en\/wp-content\/uploads\/2017\/04\/13516643_10208841112000355_8597313758626783599_n-600x338.jpg 600w, https:\/\/www.ileras.com.tr\/en\/wp-content\/uploads\/2017\/04\/13516643_10208841112000355_8597313758626783599_n-800x450.jpg 800w, https:\/\/www.ileras.com.tr\/en\/wp-content\/uploads\/2017\/04\/13516643_10208841112000355_8597313758626783599_n.jpg 960w\" sizes=\"(min-width: 2200px) 100vw, (min-width: 784px) 361px, (min-width: 712px) 542px, (min-width: 640px) 712px, \" \/><\/a><\/div><\/div><div class=\"clearfix\"><\/div><\/div><\/div><div class=\"fusion-flip-boxes flip-boxes row fusion-columns-1 flip-effect-classic\"><div class=\"fusion-flip-box-wrapper fusion-column col-lg-12 col-md-12 col-sm-12\"><div class=\"fusion-flip-box flip-right\" tabindex=\"0\"><div class=\"flip-box-inner-wrapper\"><div class=\"flip-box-front\" style=\"--awb-background-color-front:#f40000;--awb-title-front-color:#ffffff;--awb-text-front-color:#ffffff;\"><div class=\"flip-box-front-inner\"><div class=\"flip-box-grafix flip-box-no-circle\"><i aria-hidden=\"true\" class=\" fa fa-play-circle-o\"><\/i><\/div><h2 class=\"flip-box-heading without-text\">VIDEOS<\/h2><\/div><\/div><div class=\"flip-box-back\" style=\"--awb-background-color-back:#ff0000;--awb-title-back-color:#ffffff;\"><div class=\"flip-box-back-inner\"><h3 class=\"flip-box-heading-back\">VIDEOS<\/h3>\n<h1 style=\"text-align: center;\"><span style=\"color: #ffffff;\">VIDEOS<\/span><\/h1>\n<\/div><\/div><\/div><\/div><\/div><\/div><div class=\"fusion-builder-row fusion-builder-row-inner fusion-row fusion-flex-align-items-flex-start fusion-flex-content-wrap\" style=\"--awb-flex-grow:0;--awb-flex-grow-medium:0;--awb-flex-grow-small:0;--awb-flex-shrink:0;--awb-flex-shrink-medium:0;--awb-flex-shrink-small:0;width:104% !important;max-width:104% !important;margin-left: calc(-4% \/ 2 );margin-right: calc(-4% \/ 2 );\"><div class=\"fusion-layout-column fusion_builder_column_inner fusion-builder-nested-column-0 fusion_builder_column_inner_1_2 1_2 fusion-flex-column\" style=\"--awb-bg-size:cover;--awb-width-large:50%;--awb-margin-top-large:0px;--awb-spacing-right-large:3.84%;--awb-margin-bottom-large:20px;--awb-spacing-left-large:3.84%;--awb-width-medium:100%;--awb-order-medium:0;--awb-spacing-right-medium:1.92%;--awb-spacing-left-medium:1.92%;--awb-width-small:100%;--awb-order-small:0;--awb-spacing-right-small:1.92%;--awb-spacing-left-small:1.92%;\"><div class=\"fusion-column-wrapper fusion-column-has-shadow fusion-flex-justify-content-flex-start fusion-content-layout-column\"><div class=\"fusion-video fusion-youtube\" style=\"--awb-max-width:640px;--awb-max-height:360px;--awb-align-self:center;--awb-width:100%;\"><div class=\"video-shortcode\"><div class=\"fluid-width-video-wrapper\" style=\"padding-top:56.25%;\" ><iframe title=\"YouTube video player 1\" src=\"https:\/\/www.youtube.com\/embed\/Tz7m3F8_bp8?wmode=transparent&autoplay=0&amp;mute=1\" width=\"640\" height=\"360\" allowfullscreen allow=\"autoplay; clipboard-write; encrypted-media; gyroscope; picture-in-picture;\"><\/iframe><\/div><\/div><\/div><\/div><\/div><div class=\"fusion-layout-column fusion_builder_column_inner fusion-builder-nested-column-1 fusion_builder_column_inner_1_2 1_2 fusion-flex-column\" style=\"--awb-bg-size:cover;--awb-width-large:50%;--awb-margin-top-large:0px;--awb-spacing-right-large:3.84%;--awb-margin-bottom-large:20px;--awb-spacing-left-large:3.84%;--awb-width-medium:100%;--awb-order-medium:0;--awb-spacing-right-medium:1.92%;--awb-spacing-left-medium:1.92%;--awb-width-small:100%;--awb-order-small:0;--awb-spacing-right-small:1.92%;--awb-spacing-left-small:1.92%;\"><div class=\"fusion-column-wrapper fusion-column-has-shadow fusion-flex-justify-content-flex-start fusion-content-layout-column\"><div class=\"fusion-video fusion-youtube\" style=\"--awb-max-width:640px;--awb-max-height:360px;--awb-align-self:center;--awb-width:100%;\"><div class=\"video-shortcode\"><div class=\"fluid-width-video-wrapper\" style=\"padding-top:56.25%;\" ><iframe title=\"YouTube video player 2\" src=\"https:\/\/www.youtube.com\/embed\/bB29CKl7Y6I?wmode=transparent&autoplay=0&amp;mute=1\" width=\"640\" height=\"360\" allowfullscreen allow=\"autoplay; clipboard-write; encrypted-media; gyroscope; picture-in-picture;\"><\/iframe><\/div><\/div><\/div><\/div><\/div><\/div><\/div><\/div><\/div><\/div><\/p>\n","protected":false},"excerpt":{"rendered":"","protected":false},"author":1,"featured_media":0,"parent":0,"menu_order":0,"comment_status":"closed","ping_status":"closed","template":"100-width.php","meta":{"footnotes":""},"class_list":["post-8","page","type-page","status-publish","hentry"],"_links":{"self":[{"href":"https:\/\/www.ileras.com.tr\/en\/wp-json\/wp\/v2\/pages\/8","targetHints":{"allow":["GET"]}}],"collection":[{"href":"https:\/\/www.ileras.com.tr\/en\/wp-json\/wp\/v2\/pages"}],"about":[{"href":"https:\/\/www.ileras.com.tr\/en\/wp-json\/wp\/v2\/types\/page"}],"author":[{"embeddable":true,"href":"https:\/\/www.ileras.com.tr\/en\/wp-json\/wp\/v2\/users\/1"}],"replies":[{"embeddable":true,"href":"https:\/\/www.ileras.com.tr\/en\/wp-json\/wp\/v2\/comments?post=8"}],"version-history":[{"count":11,"href":"https:\/\/www.ileras.com.tr\/en\/wp-json\/wp\/v2\/pages\/8\/revisions"}],"predecessor-version":[{"id":183,"href":"https:\/\/www.ileras.com.tr\/en\/wp-json\/wp\/v2\/pages\/8\/revisions\/183"}],"wp:attachment":[{"href":"https:\/\/www.ileras.com.tr\/en\/wp-json\/wp\/v2\/media?parent=8"}],"curies":[{"name":"wp","href":"https:\/\/api.w.org\/{rel}","templated":true}]}}