{"id":12,"date":"2017-04-18T18:08:31","date_gmt":"2017-04-18T15:08:31","guid":{"rendered":"http:\/\/ileras.com.tr\/tr\/?page_id=12"},"modified":"2026-03-11T14:19:10","modified_gmt":"2026-03-11T11:19:10","slug":"prefabrik","status":"publish","type":"page","link":"https:\/\/www.ileras.com.tr\/tr\/prefabrik\/","title":{"rendered":"PREFABR\u0130K"},"content":{"rendered":"<p><div class=\"fusion-fullwidth fullwidth-box fusion-builder-row-1 fusion-flex-container hundred-percent-fullwidth non-hundred-percent-height-scrolling\" style=\"--awb-border-radius-top-left:0px;--awb-border-radius-top-right:0px;--awb-border-radius-bottom-right:0px;--awb-border-radius-bottom-left:0px;--awb-padding-right:0px;--awb-padding-left:0px;--awb-flex-wrap:wrap;\" ><div class=\"fusion-builder-row fusion-row fusion-flex-align-items-flex-start fusion-flex-content-wrap\" style=\"width:104% !important;max-width:104% !important;margin-left: calc(-4% \/ 2 );margin-right: calc(-4% \/ 2 );\"><div class=\"fusion-layout-column fusion_builder_column fusion-builder-column-0 fusion_builder_column_1_1 1_1 fusion-flex-column\" style=\"--awb-bg-size:cover;--awb-width-large:100%;--awb-margin-top-large:0px;--awb-spacing-right-large:1.92%;--awb-margin-bottom-large:20px;--awb-spacing-left-large:1.92%;--awb-width-medium:100%;--awb-order-medium:0;--awb-spacing-right-medium:1.92%;--awb-spacing-left-medium:1.92%;--awb-width-small:100%;--awb-order-small:0;--awb-spacing-right-small:1.92%;--awb-spacing-left-small:1.92%;\"><div class=\"fusion-column-wrapper fusion-column-has-shadow fusion-flex-justify-content-flex-start fusion-content-layout-column\"><div class=\"fusion-text fusion-text-1\" style=\"--awb-text-transform:none;\"><div id=\"metaslider-id-200\" style=\"width: 100%;\" class=\"ml-slider-3-106-0 metaslider metaslider-flex metaslider-200 ml-slider has-dots-nav ms-theme-default-base\" role=\"region\" aria-label=\"pre\" data-height=\"500\" data-width=\"1500\">\n    <div id=\"metaslider_container_200\">\n        <div id=\"metaslider_200\">\n            <ul aria-live='off' class='slides'>\n                <li style=\"display: block; width: 100%;\" class=\"slide-201 ms-image \" aria-roledescription=\"slide\" data-date=\"2026-03-11 13:46:29\" data-filename=\"p-slide-tr-1.jpg\" data-slide-type=\"image\"><img decoding=\"async\" src=\"https:\/\/www.ileras.com.tr\/tr\/wp-content\/uploads\/2017\/04\/p-slide-tr-1.jpg\" height=\"500\" width=\"1500\" alt=\"\" class=\"slider-200 slide-201 msDefaultImage\" title=\"p-slide-tr-1\" \/><\/li>\n                <li style=\"display: none; width: 100%;\" class=\"slide-202 ms-image \" aria-roledescription=\"slide\" data-date=\"2026-03-11 13:46:30\" data-filename=\"p-slide-tr-2.jpg\" data-slide-type=\"image\"><img decoding=\"async\" src=\"https:\/\/www.ileras.com.tr\/tr\/wp-content\/uploads\/2017\/04\/p-slide-tr-2.jpg\" height=\"500\" width=\"1500\" alt=\"\" class=\"slider-200 slide-202 msDefaultImage\" title=\"p-slide-tr-2\" \/><\/li>\n                <li style=\"display: none; width: 100%;\" class=\"slide-203 ms-image \" aria-roledescription=\"slide\" data-date=\"2026-03-11 13:46:30\" data-filename=\"p-slide3.jpg\" data-slide-type=\"image\"><img decoding=\"async\" src=\"https:\/\/www.ileras.com.tr\/tr\/wp-content\/uploads\/2017\/04\/p-slide3.jpg\" height=\"500\" width=\"1500\" alt=\"\" class=\"slider-200 slide-203 msDefaultImage\" title=\"p-slide3\" \/><\/li>\n            <\/ul>\n        <\/div>\n        \n    <\/div>\n<\/div>\n<\/div><\/div><\/div><\/div><\/div><div class=\"fusion-fullwidth fullwidth-box fusion-builder-row-2 fusion-flex-container nonhundred-percent-fullwidth non-hundred-percent-height-scrolling\" style=\"--awb-border-radius-top-left:0px;--awb-border-radius-top-right:0px;--awb-border-radius-bottom-right:0px;--awb-border-radius-bottom-left:0px;--awb-flex-wrap:wrap;\" ><div class=\"fusion-builder-row fusion-row fusion-flex-align-items-flex-start fusion-flex-content-wrap\" style=\"max-width:1144px;margin-left: calc(-4% \/ 2 );margin-right: calc(-4% \/ 2 );\"><div class=\"fusion-layout-column fusion_builder_column fusion-builder-column-1 fusion_builder_column_1_1 1_1 fusion-flex-column\" style=\"--awb-bg-size:cover;--awb-width-large:100%;--awb-margin-top-large:0px;--awb-spacing-right-large:1.92%;--awb-margin-bottom-large:0px;--awb-spacing-left-large:1.92%;--awb-width-medium:100%;--awb-spacing-right-medium:1.92%;--awb-spacing-left-medium:1.92%;--awb-width-small:100%;--awb-spacing-right-small:1.92%;--awb-spacing-left-small:1.92%;\"><div class=\"fusion-column-wrapper fusion-flex-justify-content-flex-start fusion-content-layout-column\"><div class=\"fusion-text fusion-text-2\" style=\"--awb-text-transform:none;\"><h1 style=\"text-align: center;\">\u0130LER A\u015e BETON PREFABR\u0130K YAPI ELEMANLARI<\/h1>\n<h1 style=\"text-align: center;\">BETOPAN, PANEL BETON, DI\u015e CEPHE KAPLAMA \u00dcR\u00dcNLER\u0130&#8230;<\/h1>\n<\/div><div class=\"awb-gallery-wrapper awb-gallery-wrapper-1 button-span-no\"><div style=\"margin:-5px;--awb-aspect-ratio:1 \/ 1;--awb-bordersize:5px;--awb-border-radius:15px;--awb-columns-medium:100%;--awb-columns-small:100%;\" class=\"fusion-gallery fusion-gallery-container fusion-grid-3 fusion-columns-total-14 fusion-gallery-layout-grid fusion-gallery-1 has-aspect-ratio\"><div style=\"padding:5px;\" class=\"fusion-grid-column fusion-gallery-column fusion-gallery-column-3 hover-type-none\"><div class=\"fusion-gallery-image\"><a href=\"https:\/\/www.ileras.com.tr\/tr\/wp-content\/uploads\/2017\/04\/twall.jpg\" rel=\"noreferrer\" data-rel=\"iLightbox[gallery_image_1]\" class=\"fusion-lightbox\" target=\"_self\"><img decoding=\"async\" src=\"https:\/\/www.ileras.com.tr\/tr\/wp-content\/uploads\/2017\/04\/twall.jpg\" width=\"560\" height=\"340\" alt=\"\" title=\"twall\" aria-label=\"twall\" class=\"img-responsive wp-image-164\" srcset=\"https:\/\/www.ileras.com.tr\/tr\/wp-content\/uploads\/2017\/04\/twall-200x121.jpg 200w, https:\/\/www.ileras.com.tr\/tr\/wp-content\/uploads\/2017\/04\/twall-400x243.jpg 400w, https:\/\/www.ileras.com.tr\/tr\/wp-content\/uploads\/2017\/04\/twall.jpg 560w\" sizes=\"(min-width: 2200px) 100vw, (min-width: 784px) 363px, (min-width: 712px) 545px, (min-width: 640px) 712px, \" \/><\/a><\/div><\/div><div style=\"padding:5px;\" class=\"fusion-grid-column fusion-gallery-column fusion-gallery-column-3 hover-type-none\"><div class=\"fusion-gallery-image\"><a href=\"https:\/\/www.ileras.com.tr\/tr\/wp-content\/uploads\/2017\/04\/prekast1.jpg\" rel=\"noreferrer\" data-rel=\"iLightbox[gallery_image_1]\" class=\"fusion-lightbox\" target=\"_self\"><img decoding=\"async\" src=\"https:\/\/www.ileras.com.tr\/tr\/wp-content\/uploads\/2017\/04\/prekast1.jpg\" width=\"700\" height=\"465\" alt=\"\" title=\"prekast1\" aria-label=\"prekast1\" class=\"img-responsive wp-image-163\" srcset=\"https:\/\/www.ileras.com.tr\/tr\/wp-content\/uploads\/2017\/04\/prekast1-200x133.jpg 200w, https:\/\/www.ileras.com.tr\/tr\/wp-content\/uploads\/2017\/04\/prekast1-400x266.jpg 400w, https:\/\/www.ileras.com.tr\/tr\/wp-content\/uploads\/2017\/04\/prekast1-600x399.jpg 600w, https:\/\/www.ileras.com.tr\/tr\/wp-content\/uploads\/2017\/04\/prekast1.jpg 700w\" sizes=\"(min-width: 2200px) 100vw, (min-width: 784px) 363px, (min-width: 712px) 545px, (min-width: 640px) 712px, \" \/><\/a><\/div><\/div><div style=\"padding:5px;\" class=\"fusion-grid-column fusion-gallery-column fusion-gallery-column-3 hover-type-none\"><div class=\"fusion-gallery-image\"><a href=\"https:\/\/www.ileras.com.tr\/tr\/wp-content\/uploads\/2017\/04\/Precast-concrete-basement-entry.jpg\" rel=\"noreferrer\" data-rel=\"iLightbox[gallery_image_1]\" class=\"fusion-lightbox\" target=\"_self\"><img decoding=\"async\" src=\"https:\/\/www.ileras.com.tr\/tr\/wp-content\/uploads\/2017\/04\/Precast-concrete-basement-entry.jpg\" width=\"1800\" height=\"1348\" alt=\"\" title=\"Precast-concrete-basement-entry\" aria-label=\"Precast-concrete-basement-entry\" class=\"img-responsive wp-image-162\" srcset=\"https:\/\/www.ileras.com.tr\/tr\/wp-content\/uploads\/2017\/04\/Precast-concrete-basement-entry-200x150.jpg 200w, https:\/\/www.ileras.com.tr\/tr\/wp-content\/uploads\/2017\/04\/Precast-concrete-basement-entry-400x300.jpg 400w, https:\/\/www.ileras.com.tr\/tr\/wp-content\/uploads\/2017\/04\/Precast-concrete-basement-entry-600x449.jpg 600w, https:\/\/www.ileras.com.tr\/tr\/wp-content\/uploads\/2017\/04\/Precast-concrete-basement-entry-800x599.jpg 800w, https:\/\/www.ileras.com.tr\/tr\/wp-content\/uploads\/2017\/04\/Precast-concrete-basement-entry-1200x899.jpg 1200w, https:\/\/www.ileras.com.tr\/tr\/wp-content\/uploads\/2017\/04\/Precast-concrete-basement-entry.jpg 1800w\" sizes=\"(min-width: 2200px) 100vw, (min-width: 784px) 363px, (min-width: 712px) 545px, (min-width: 640px) 712px, \" \/><\/a><\/div><\/div><div class=\"clearfix\"><\/div><div style=\"padding:5px;\" class=\"fusion-grid-column fusion-gallery-column fusion-gallery-column-3 hover-type-none\"><div class=\"fusion-gallery-image\"><a href=\"https:\/\/www.ileras.com.tr\/tr\/wp-content\/uploads\/2017\/04\/Precast-Concrete.jpg\" rel=\"noreferrer\" data-rel=\"iLightbox[gallery_image_1]\" class=\"fusion-lightbox\" target=\"_self\"><img decoding=\"async\" src=\"https:\/\/www.ileras.com.tr\/tr\/wp-content\/uploads\/2017\/04\/Precast-Concrete.jpg\" width=\"384\" height=\"256\" alt=\"\" title=\"Precast-Concrete\" aria-label=\"Precast-Concrete\" class=\"img-responsive wp-image-161\" srcset=\"https:\/\/www.ileras.com.tr\/tr\/wp-content\/uploads\/2017\/04\/Precast-Concrete-200x133.jpg 200w, https:\/\/www.ileras.com.tr\/tr\/wp-content\/uploads\/2017\/04\/Precast-Concrete.jpg 384w\" sizes=\"(min-width: 2200px) 100vw, (min-width: 784px) 363px, (min-width: 712px) 545px, (min-width: 640px) 712px, \" \/><\/a><\/div><\/div><div style=\"padding:5px;\" class=\"fusion-grid-column fusion-gallery-column fusion-gallery-column-3 hover-type-none\"><div class=\"fusion-gallery-image\"><a href=\"https:\/\/www.ileras.com.tr\/tr\/wp-content\/uploads\/2017\/04\/precast-3.jpg\" rel=\"noreferrer\" data-rel=\"iLightbox[gallery_image_1]\" class=\"fusion-lightbox\" target=\"_self\"><img decoding=\"async\" src=\"https:\/\/www.ileras.com.tr\/tr\/wp-content\/uploads\/2017\/04\/precast-3.jpg\" width=\"3008\" height=\"2000\" alt=\"\" title=\"precast-3\" aria-label=\"precast-3\" class=\"img-responsive wp-image-160\" srcset=\"https:\/\/www.ileras.com.tr\/tr\/wp-content\/uploads\/2017\/04\/precast-3-200x133.jpg 200w, https:\/\/www.ileras.com.tr\/tr\/wp-content\/uploads\/2017\/04\/precast-3-400x266.jpg 400w, https:\/\/www.ileras.com.tr\/tr\/wp-content\/uploads\/2017\/04\/precast-3-600x399.jpg 600w, https:\/\/www.ileras.com.tr\/tr\/wp-content\/uploads\/2017\/04\/precast-3-800x532.jpg 800w, https:\/\/www.ileras.com.tr\/tr\/wp-content\/uploads\/2017\/04\/precast-3-1200x798.jpg 1200w, https:\/\/www.ileras.com.tr\/tr\/wp-content\/uploads\/2017\/04\/precast-3.jpg 3008w\" sizes=\"(min-width: 2200px) 100vw, (min-width: 784px) 363px, (min-width: 712px) 545px, (min-width: 640px) 712px, \" \/><\/a><\/div><\/div><div style=\"padding:5px;\" class=\"fusion-grid-column fusion-gallery-column fusion-gallery-column-3 hover-type-none\"><div class=\"fusion-gallery-image\"><a href=\"https:\/\/www.ileras.com.tr\/tr\/wp-content\/uploads\/2017\/04\/n7_inner_facade.jpg\" rel=\"noreferrer\" data-rel=\"iLightbox[gallery_image_1]\" class=\"fusion-lightbox\" target=\"_self\"><img decoding=\"async\" src=\"https:\/\/www.ileras.com.tr\/tr\/wp-content\/uploads\/2017\/04\/n7_inner_facade.jpg\" width=\"970\" height=\"482\" alt=\"\" title=\"n7_inner_facade\" aria-label=\"n7_inner_facade\" class=\"img-responsive wp-image-159\" srcset=\"https:\/\/www.ileras.com.tr\/tr\/wp-content\/uploads\/2017\/04\/n7_inner_facade-200x99.jpg 200w, https:\/\/www.ileras.com.tr\/tr\/wp-content\/uploads\/2017\/04\/n7_inner_facade-400x199.jpg 400w, https:\/\/www.ileras.com.tr\/tr\/wp-content\/uploads\/2017\/04\/n7_inner_facade-600x298.jpg 600w, https:\/\/www.ileras.com.tr\/tr\/wp-content\/uploads\/2017\/04\/n7_inner_facade-800x398.jpg 800w, https:\/\/www.ileras.com.tr\/tr\/wp-content\/uploads\/2017\/04\/n7_inner_facade.jpg 970w\" sizes=\"(min-width: 2200px) 100vw, (min-width: 784px) 363px, (min-width: 712px) 545px, (min-width: 640px) 712px, \" \/><\/a><\/div><\/div><div class=\"clearfix\"><\/div><div style=\"padding:5px;\" class=\"fusion-grid-column fusion-gallery-column fusion-gallery-column-3 hover-type-none\"><div class=\"fusion-gallery-image\"><a href=\"https:\/\/www.ileras.com.tr\/tr\/wp-content\/uploads\/2017\/04\/List-of-the-Precast-Concrete-Products-Suppliers-in-Dubai-with-Contact-Details.png\" rel=\"noreferrer\" data-rel=\"iLightbox[gallery_image_1]\" class=\"fusion-lightbox\" target=\"_self\"><img decoding=\"async\" src=\"https:\/\/www.ileras.com.tr\/tr\/wp-content\/uploads\/2017\/04\/List-of-the-Precast-Concrete-Products-Suppliers-in-Dubai-with-Contact-Details.png\" width=\"1170\" height=\"465\" alt=\"\" title=\"List-of-the-Precast-Concrete-Products-Suppliers-in-Dubai-with-Contact-Details\" aria-label=\"List-of-the-Precast-Concrete-Products-Suppliers-in-Dubai-with-Contact-Details\" class=\"img-responsive wp-image-158\" srcset=\"https:\/\/www.ileras.com.tr\/tr\/wp-content\/uploads\/2017\/04\/List-of-the-Precast-Concrete-Products-Suppliers-in-Dubai-with-Contact-Details-200x79.png 200w, https:\/\/www.ileras.com.tr\/tr\/wp-content\/uploads\/2017\/04\/List-of-the-Precast-Concrete-Products-Suppliers-in-Dubai-with-Contact-Details-400x159.png 400w, https:\/\/www.ileras.com.tr\/tr\/wp-content\/uploads\/2017\/04\/List-of-the-Precast-Concrete-Products-Suppliers-in-Dubai-with-Contact-Details-600x238.png 600w, https:\/\/www.ileras.com.tr\/tr\/wp-content\/uploads\/2017\/04\/List-of-the-Precast-Concrete-Products-Suppliers-in-Dubai-with-Contact-Details-800x318.png 800w, https:\/\/www.ileras.com.tr\/tr\/wp-content\/uploads\/2017\/04\/List-of-the-Precast-Concrete-Products-Suppliers-in-Dubai-with-Contact-Details.png 1170w\" sizes=\"(min-width: 2200px) 100vw, (min-width: 784px) 363px, (min-width: 712px) 545px, (min-width: 640px) 712px, \" \/><\/a><\/div><\/div><div style=\"padding:5px;\" class=\"fusion-grid-column fusion-gallery-column fusion-gallery-column-3 hover-type-none\"><div class=\"fusion-gallery-image\"><a href=\"https:\/\/www.ileras.com.tr\/tr\/wp-content\/uploads\/2017\/04\/images.jpg\" rel=\"noreferrer\" data-rel=\"iLightbox[gallery_image_1]\" class=\"fusion-lightbox\" target=\"_self\"><img decoding=\"async\" src=\"https:\/\/www.ileras.com.tr\/tr\/wp-content\/uploads\/2017\/04\/images.jpg\" width=\"275\" height=\"183\" alt=\"\" title=\"images\" aria-label=\"images\" class=\"img-responsive wp-image-157\" srcset=\"https:\/\/www.ileras.com.tr\/tr\/wp-content\/uploads\/2017\/04\/images-200x133.jpg 200w, https:\/\/www.ileras.com.tr\/tr\/wp-content\/uploads\/2017\/04\/images.jpg 275w\" sizes=\"(min-width: 2200px) 100vw, (min-width: 784px) 363px, (min-width: 712px) 545px, (min-width: 640px) 712px, \" \/><\/a><\/div><\/div><div style=\"padding:5px;\" class=\"fusion-grid-column fusion-gallery-column fusion-gallery-column-3 hover-type-none\"><div class=\"fusion-gallery-image\"><a href=\"https:\/\/www.ileras.com.tr\/tr\/wp-content\/uploads\/2017\/04\/HT17fa9FUJaXXagOFbXO.jpg\" rel=\"noreferrer\" data-rel=\"iLightbox[gallery_image_1]\" class=\"fusion-lightbox\" target=\"_self\"><img decoding=\"async\" src=\"https:\/\/www.ileras.com.tr\/tr\/wp-content\/uploads\/2017\/04\/HT17fa9FUJaXXagOFbXO.jpg\" width=\"800\" height=\"597\" alt=\"\" title=\"HT17fa9FUJaXXagOFbXO\" aria-label=\"HT17fa9FUJaXXagOFbXO\" class=\"img-responsive wp-image-156\" srcset=\"https:\/\/www.ileras.com.tr\/tr\/wp-content\/uploads\/2017\/04\/HT17fa9FUJaXXagOFbXO-200x149.jpg 200w, https:\/\/www.ileras.com.tr\/tr\/wp-content\/uploads\/2017\/04\/HT17fa9FUJaXXagOFbXO-400x299.jpg 400w, https:\/\/www.ileras.com.tr\/tr\/wp-content\/uploads\/2017\/04\/HT17fa9FUJaXXagOFbXO-600x448.jpg 600w, https:\/\/www.ileras.com.tr\/tr\/wp-content\/uploads\/2017\/04\/HT17fa9FUJaXXagOFbXO.jpg 800w\" sizes=\"(min-width: 2200px) 100vw, (min-width: 784px) 363px, (min-width: 712px) 545px, (min-width: 640px) 712px, \" \/><\/a><\/div><\/div><div class=\"clearfix\"><\/div><div style=\"padding:5px;\" class=\"fusion-grid-column fusion-gallery-column fusion-gallery-column-3 hover-type-none\"><div class=\"fusion-gallery-image\"><a href=\"https:\/\/www.ileras.com.tr\/tr\/wp-content\/uploads\/2017\/04\/archi8_3.jpg\" rel=\"noreferrer\" data-rel=\"iLightbox[gallery_image_1]\" class=\"fusion-lightbox\" target=\"_self\"><img decoding=\"async\" src=\"https:\/\/www.ileras.com.tr\/tr\/wp-content\/uploads\/2017\/04\/archi8_3.jpg\" width=\"540\" height=\"360\" alt=\"\" title=\"archi8_3\" aria-label=\"archi8_3\" class=\"img-responsive wp-image-155\" srcset=\"https:\/\/www.ileras.com.tr\/tr\/wp-content\/uploads\/2017\/04\/archi8_3-200x133.jpg 200w, https:\/\/www.ileras.com.tr\/tr\/wp-content\/uploads\/2017\/04\/archi8_3-400x267.jpg 400w, https:\/\/www.ileras.com.tr\/tr\/wp-content\/uploads\/2017\/04\/archi8_3.jpg 540w\" sizes=\"(min-width: 2200px) 100vw, (min-width: 784px) 363px, (min-width: 712px) 545px, (min-width: 640px) 712px, \" \/><\/a><\/div><\/div><div style=\"padding:5px;\" class=\"fusion-grid-column fusion-gallery-column fusion-gallery-column-3 hover-type-none\"><div class=\"fusion-gallery-image\"><a href=\"https:\/\/www.ileras.com.tr\/tr\/wp-content\/uploads\/2017\/04\/1353306820_TEST.jpg\" rel=\"noreferrer\" data-rel=\"iLightbox[gallery_image_1]\" class=\"fusion-lightbox\" target=\"_self\"><img decoding=\"async\" src=\"https:\/\/www.ileras.com.tr\/tr\/wp-content\/uploads\/2017\/04\/1353306820_TEST.jpg\" width=\"1124\" height=\"746\" alt=\"\" title=\"1353306820_TEST\" aria-label=\"1353306820_TEST\" class=\"img-responsive wp-image-154\" srcset=\"https:\/\/www.ileras.com.tr\/tr\/wp-content\/uploads\/2017\/04\/1353306820_TEST-200x133.jpg 200w, https:\/\/www.ileras.com.tr\/tr\/wp-content\/uploads\/2017\/04\/1353306820_TEST-400x265.jpg 400w, https:\/\/www.ileras.com.tr\/tr\/wp-content\/uploads\/2017\/04\/1353306820_TEST-600x398.jpg 600w, https:\/\/www.ileras.com.tr\/tr\/wp-content\/uploads\/2017\/04\/1353306820_TEST-800x531.jpg 800w, https:\/\/www.ileras.com.tr\/tr\/wp-content\/uploads\/2017\/04\/1353306820_TEST.jpg 1124w\" sizes=\"(min-width: 2200px) 100vw, (min-width: 784px) 363px, (min-width: 712px) 545px, (min-width: 640px) 712px, \" \/><\/a><\/div><\/div><div style=\"padding:5px;\" class=\"fusion-grid-column fusion-gallery-column fusion-gallery-column-3 hover-type-none\"><div class=\"fusion-gallery-image\"><a href=\"https:\/\/www.ileras.com.tr\/tr\/wp-content\/uploads\/2017\/04\/157295_3d0ee.jpg\" rel=\"noreferrer\" data-rel=\"iLightbox[gallery_image_1]\" class=\"fusion-lightbox\" target=\"_self\"><img decoding=\"async\" src=\"https:\/\/www.ileras.com.tr\/tr\/wp-content\/uploads\/2017\/04\/157295_3d0ee.jpg\" width=\"1728\" height=\"1152\" alt=\"\" title=\"157295_3d0ee\" aria-label=\"157295_3d0ee\" class=\"img-responsive wp-image-153\" srcset=\"https:\/\/www.ileras.com.tr\/tr\/wp-content\/uploads\/2017\/04\/157295_3d0ee-200x133.jpg 200w, https:\/\/www.ileras.com.tr\/tr\/wp-content\/uploads\/2017\/04\/157295_3d0ee-400x267.jpg 400w, https:\/\/www.ileras.com.tr\/tr\/wp-content\/uploads\/2017\/04\/157295_3d0ee-600x400.jpg 600w, https:\/\/www.ileras.com.tr\/tr\/wp-content\/uploads\/2017\/04\/157295_3d0ee-800x533.jpg 800w, https:\/\/www.ileras.com.tr\/tr\/wp-content\/uploads\/2017\/04\/157295_3d0ee-1200x800.jpg 1200w, https:\/\/www.ileras.com.tr\/tr\/wp-content\/uploads\/2017\/04\/157295_3d0ee.jpg 1728w\" sizes=\"(min-width: 2200px) 100vw, (min-width: 784px) 363px, (min-width: 712px) 545px, (min-width: 640px) 712px, \" \/><\/a><\/div><\/div><div class=\"clearfix\"><\/div><div style=\"padding:5px;\" class=\"fusion-grid-column fusion-gallery-column fusion-gallery-column-3 hover-type-none\"><div class=\"fusion-gallery-image\"><a href=\"https:\/\/www.ileras.com.tr\/tr\/wp-content\/uploads\/2017\/04\/indir.jpg\" rel=\"noreferrer\" data-rel=\"iLightbox[gallery_image_1]\" class=\"fusion-lightbox\" target=\"_self\"><img decoding=\"async\" src=\"https:\/\/www.ileras.com.tr\/tr\/wp-content\/uploads\/2017\/04\/indir.jpg\" width=\"259\" height=\"194\" alt=\"\" title=\"indir\" aria-label=\"indir\" class=\"img-responsive wp-image-152\" srcset=\"https:\/\/www.ileras.com.tr\/tr\/wp-content\/uploads\/2017\/04\/indir-200x150.jpg 200w, https:\/\/www.ileras.com.tr\/tr\/wp-content\/uploads\/2017\/04\/indir.jpg 259w\" sizes=\"(min-width: 2200px) 100vw, (min-width: 784px) 363px, (min-width: 712px) 545px, (min-width: 640px) 712px, \" \/><\/a><\/div><\/div><div style=\"padding:5px;\" class=\"fusion-grid-column fusion-gallery-column fusion-gallery-column-3 hover-type-none\"><div class=\"fusion-gallery-image\"><a href=\"https:\/\/www.ileras.com.tr\/tr\/wp-content\/uploads\/2017\/04\/betopan-tasonit_urun-2.jpg\" rel=\"noreferrer\" data-rel=\"iLightbox[gallery_image_1]\" class=\"fusion-lightbox\" target=\"_self\"><img decoding=\"async\" src=\"https:\/\/www.ileras.com.tr\/tr\/wp-content\/uploads\/2017\/04\/betopan-tasonit_urun-2.jpg\" width=\"2150\" height=\"1210\" alt=\"\" title=\"betopan-tasonit_urun-2\" aria-label=\"betopan-tasonit_urun-2\" class=\"img-responsive wp-image-151\" srcset=\"https:\/\/www.ileras.com.tr\/tr\/wp-content\/uploads\/2017\/04\/betopan-tasonit_urun-2-200x113.jpg 200w, https:\/\/www.ileras.com.tr\/tr\/wp-content\/uploads\/2017\/04\/betopan-tasonit_urun-2-400x225.jpg 400w, https:\/\/www.ileras.com.tr\/tr\/wp-content\/uploads\/2017\/04\/betopan-tasonit_urun-2-600x338.jpg 600w, https:\/\/www.ileras.com.tr\/tr\/wp-content\/uploads\/2017\/04\/betopan-tasonit_urun-2-800x450.jpg 800w, https:\/\/www.ileras.com.tr\/tr\/wp-content\/uploads\/2017\/04\/betopan-tasonit_urun-2-1200x675.jpg 1200w, https:\/\/www.ileras.com.tr\/tr\/wp-content\/uploads\/2017\/04\/betopan-tasonit_urun-2.jpg 2150w\" sizes=\"(min-width: 2200px) 100vw, (min-width: 784px) 363px, (min-width: 712px) 545px, (min-width: 640px) 712px, \" \/><\/a><\/div><\/div><\/div><\/div><\/div><\/div><\/div><\/div><\/p>\n","protected":false},"excerpt":{"rendered":"","protected":false},"author":1,"featured_media":0,"parent":0,"menu_order":0,"comment_status":"closed","ping_status":"closed","template":"100-width.php","meta":{"footnotes":""},"class_list":["post-12","page","type-page","status-publish","hentry"],"_links":{"self":[{"href":"https:\/\/www.ileras.com.tr\/tr\/wp-json\/wp\/v2\/pages\/12","targetHints":{"allow":["GET"]}}],"collection":[{"href":"https:\/\/www.ileras.com.tr\/tr\/wp-json\/wp\/v2\/pages"}],"about":[{"href":"https:\/\/www.ileras.com.tr\/tr\/wp-json\/wp\/v2\/types\/page"}],"author":[{"embeddable":true,"href":"https:\/\/www.ileras.com.tr\/tr\/wp-json\/wp\/v2\/users\/1"}],"replies":[{"embeddable":true,"href":"https:\/\/www.ileras.com.tr\/tr\/wp-json\/wp\/v2\/comments?post=12"}],"version-history":[{"count":9,"href":"https:\/\/www.ileras.com.tr\/tr\/wp-json\/wp\/v2\/pages\/12\/revisions"}],"predecessor-version":[{"id":227,"href":"https:\/\/www.ileras.com.tr\/tr\/wp-json\/wp\/v2\/pages\/12\/revisions\/227"}],"wp:attachment":[{"href":"https:\/\/www.ileras.com.tr\/tr\/wp-json\/wp\/v2\/media?parent=12"}],"curies":[{"name":"wp","href":"https:\/\/api.w.org\/{rel}","templated":true}]}}