{"id":16,"date":"2017-04-18T18:09:13","date_gmt":"2017-04-18T15:09:13","guid":{"rendered":"http:\/\/ileras.com.tr\/tr\/?page_id=16"},"modified":"2026-03-11T14:20:08","modified_gmt":"2026-03-11T11:20:08","slug":"enerji","status":"publish","type":"page","link":"https:\/\/www.ileras.com.tr\/tr\/enerji\/","title":{"rendered":"ENERJ\u0130"},"content":{"rendered":"<p><div class=\"fusion-fullwidth fullwidth-box fusion-builder-row-1 fusion-flex-container hundred-percent-fullwidth non-hundred-percent-height-scrolling\" style=\"--awb-border-radius-top-left:0px;--awb-border-radius-top-right:0px;--awb-border-radius-bottom-right:0px;--awb-border-radius-bottom-left:0px;--awb-padding-right:0px;--awb-padding-left:0px;--awb-flex-wrap:wrap;\" ><div class=\"fusion-builder-row fusion-row fusion-flex-align-items-flex-start fusion-flex-content-wrap\" style=\"width:104% !important;max-width:104% !important;margin-left: calc(-4% \/ 2 );margin-right: calc(-4% \/ 2 );\"><div class=\"fusion-layout-column fusion_builder_column fusion-builder-column-0 fusion_builder_column_1_1 1_1 fusion-flex-column\" style=\"--awb-bg-size:cover;--awb-width-large:100%;--awb-margin-top-large:0px;--awb-spacing-right-large:1.92%;--awb-margin-bottom-large:20px;--awb-spacing-left-large:1.92%;--awb-width-medium:100%;--awb-order-medium:0;--awb-spacing-right-medium:1.92%;--awb-spacing-left-medium:1.92%;--awb-width-small:100%;--awb-order-small:0;--awb-spacing-right-small:1.92%;--awb-spacing-left-small:1.92%;\"><div class=\"fusion-column-wrapper fusion-column-has-shadow fusion-flex-justify-content-flex-start fusion-content-layout-column\"><div class=\"fusion-text fusion-text-1\" style=\"--awb-text-transform:none;\"><div id=\"metaslider-id-196\" style=\"width: 100%;\" class=\"ml-slider-3-106-0 metaslider metaslider-flex metaslider-196 ml-slider has-dots-nav ms-theme-default-base\" role=\"region\" aria-label=\"ene\" data-height=\"500\" data-width=\"1500\">\n    <div id=\"metaslider_container_196\">\n        <div id=\"metaslider_196\">\n            <ul aria-live='off' class='slides'>\n                <li style=\"display: block; width: 100%;\" class=\"slide-197 ms-image \" aria-roledescription=\"slide\" data-date=\"2026-03-11 13:45:07\" data-filename=\"e-slide-1-tr.jpg\" data-slide-type=\"image\"><img decoding=\"async\" src=\"https:\/\/www.ileras.com.tr\/tr\/wp-content\/uploads\/2017\/04\/e-slide-1-tr.jpg\" height=\"500\" width=\"1500\" alt=\"\" class=\"slider-196 slide-197 msDefaultImage\" title=\"e-slide-1-tr\" \/><\/li>\n                <li style=\"display: none; width: 100%;\" class=\"slide-198 ms-image \" aria-roledescription=\"slide\" data-date=\"2026-03-11 13:45:14\" data-filename=\"e-slide-2-tr.jpg\" data-slide-type=\"image\"><img decoding=\"async\" src=\"https:\/\/www.ileras.com.tr\/tr\/wp-content\/uploads\/2017\/04\/e-slide-2-tr.jpg\" height=\"500\" width=\"1500\" alt=\"\" class=\"slider-196 slide-198 msDefaultImage\" title=\"e-slide-2-tr\" \/><\/li>\n                <li style=\"display: none; width: 100%;\" class=\"slide-199 ms-image \" aria-roledescription=\"slide\" data-date=\"2026-03-11 13:45:14\" data-filename=\"e-slide-3-tr.jpg\" data-slide-type=\"image\"><img decoding=\"async\" src=\"https:\/\/www.ileras.com.tr\/tr\/wp-content\/uploads\/2017\/04\/e-slide-3-tr.jpg\" height=\"500\" width=\"1500\" alt=\"\" class=\"slider-196 slide-199 msDefaultImage\" title=\"e-slide-3-tr\" \/><\/li>\n            <\/ul>\n        <\/div>\n        \n    <\/div>\n<\/div>\n<\/div><\/div><\/div><\/div><\/div><div class=\"fusion-fullwidth fullwidth-box fusion-builder-row-2 fusion-flex-container nonhundred-percent-fullwidth non-hundred-percent-height-scrolling\" style=\"--awb-border-radius-top-left:0px;--awb-border-radius-top-right:0px;--awb-border-radius-bottom-right:0px;--awb-border-radius-bottom-left:0px;--awb-flex-wrap:wrap;\" ><div class=\"fusion-builder-row fusion-row fusion-flex-align-items-flex-start fusion-flex-content-wrap\" style=\"max-width:1144px;margin-left: calc(-4% \/ 2 );margin-right: calc(-4% \/ 2 );\"><div class=\"fusion-layout-column fusion_builder_column fusion-builder-column-1 fusion_builder_column_1_1 1_1 fusion-flex-column\" style=\"--awb-bg-size:cover;--awb-width-large:100%;--awb-margin-top-large:0px;--awb-spacing-right-large:1.92%;--awb-margin-bottom-large:0px;--awb-spacing-left-large:1.92%;--awb-width-medium:100%;--awb-spacing-right-medium:1.92%;--awb-spacing-left-medium:1.92%;--awb-width-small:100%;--awb-spacing-right-small:1.92%;--awb-spacing-left-small:1.92%;\"><div class=\"fusion-column-wrapper fusion-flex-justify-content-flex-start fusion-content-layout-column\"><div class=\"fusion-text fusion-text-2\"><p style=\"text-align: center;\">\n<\/div><div class=\"fusion-text fusion-text-3\" style=\"--awb-text-transform:none;\"><h1 style=\"text-align: center;\">\u0130LER A\u015e BIOGAZ ENE\u00a0RJ\u0130 \u00c7ALI\u015eMALARI<\/h1>\n<h2 style=\"text-align: center;\">Biyogaz, organik maddenin anaerobik ortamda bozunmas\u0131 sonucunda olu\u015fan gaz \u00fcr\u00fcnd\u00fcr.<\/h2>\n<h1 style=\"text-align: center;\"><img decoding=\"async\" class=\"alignnone size-full wp-image-171\" src=\"http:\/\/ileras.com.tr\/tr\/wp-content\/uploads\/2017\/04\/biogas2.jpg\" alt=\"\" width=\"2000\" height=\"600\" srcset=\"https:\/\/www.ileras.com.tr\/tr\/wp-content\/uploads\/2017\/04\/biogas2-200x60.jpg 200w, https:\/\/www.ileras.com.tr\/tr\/wp-content\/uploads\/2017\/04\/biogas2-300x90.jpg 300w, https:\/\/www.ileras.com.tr\/tr\/wp-content\/uploads\/2017\/04\/biogas2-400x120.jpg 400w, https:\/\/www.ileras.com.tr\/tr\/wp-content\/uploads\/2017\/04\/biogas2-600x180.jpg 600w, https:\/\/www.ileras.com.tr\/tr\/wp-content\/uploads\/2017\/04\/biogas2-768x230.jpg 768w, https:\/\/www.ileras.com.tr\/tr\/wp-content\/uploads\/2017\/04\/biogas2-800x240.jpg 800w, https:\/\/www.ileras.com.tr\/tr\/wp-content\/uploads\/2017\/04\/biogas2-1024x307.jpg 1024w, https:\/\/www.ileras.com.tr\/tr\/wp-content\/uploads\/2017\/04\/biogas2-1200x360.jpg 1200w, https:\/\/www.ileras.com.tr\/tr\/wp-content\/uploads\/2017\/04\/biogas2.jpg 2000w\" sizes=\"(max-width: 2000px) 100vw, 2000px\" \/><\/h1>\n<h2 style=\"text-align: center;\">Oksijensiz ortamda (anaerobik) olmak suretiyle organik k\u00fctleden mikrobiyolojik bozunma sonunda meydana gelen ayr\u0131\u015fma sonucunda biyogaz ad\u0131 verilen nihai \u00fcr\u00fcn olu\u015fur.<\/h2>\n<h2 style=\"text-align: center;\">Do\u011fada da yayg\u0131n olarak g\u00f6r\u00fclen bu mekanizmaya baz\u0131 \u00f6rnekler; batakl\u0131klarda, deniz tabanlar\u0131nda, s\u0131v\u0131 d\u0131\u015fk\u0131 \u00e7ukurlar\u0131nda olu\u015fan bozunmalard\u0131r. Organik maddenin mikroorganizmalar vas\u0131tas\u0131yla biyogaza d\u00f6n\u00fc\u015ft\u00fcr\u00fclmesi s\u0131ras\u0131nda, belirli miktarda enerji ve biyok\u00fctle ortaya \u00e7\u0131kar.<\/h2>\n<h2 style=\"text-align: center;\">Biyogaz, a\u011f\u0131rl\u0131kl\u0131 olarak metan, karbon dioksit ve ayr\u0131ca eser miktarda di\u011fer gazlardan olu\u015fmaktad\u0131r. Genellikle tipik bir biyogaz kompozisyonu %55-70 metan (CH4), %30-45 karbon dioksit (CO2), ve eser miktarda hidrojen, hidrojen s\u00fclf\u00fcr, karbon monoksit ve azot gazlar\u0131ndan olu\u0122ur. Biyogaz\u0131n fiziksel \u00f6zellikleri ise a\u015fa\u011f\u0131daki tabloda verilmi\u015ftir.<\/h2>\n<h2 style=\"text-align: center;\"><img decoding=\"async\" class=\"alignnone size-full wp-image-176 aligncenter\" src=\"http:\/\/ileras.com.tr\/tr\/wp-content\/uploads\/2017\/04\/DSC_1104.jpg\" alt=\"\" width=\"412\" height=\"207\" srcset=\"https:\/\/www.ileras.com.tr\/tr\/wp-content\/uploads\/2017\/04\/DSC_1104-200x100.jpg 200w, https:\/\/www.ileras.com.tr\/tr\/wp-content\/uploads\/2017\/04\/DSC_1104-300x151.jpg 300w, https:\/\/www.ileras.com.tr\/tr\/wp-content\/uploads\/2017\/04\/DSC_1104-400x201.jpg 400w, https:\/\/www.ileras.com.tr\/tr\/wp-content\/uploads\/2017\/04\/DSC_1104.jpg 412w\" sizes=\"(max-width: 412px) 100vw, 412px\" \/><\/h2>\n<h2 style=\"text-align: center;\"><strong>Biyogaz\u0131n Is\u0131tmada Kullan\u0131m\u0131<\/strong><\/h2>\n<h2 style=\"text-align: center;\">Biyogaz\u0131n yanma \u00f6zelli\u011fi bile\u015fiminde bulunan metan gaz\u0131ndan ileri gelmektedir. Biyogaz hava ile 1\/7 oran\u0131nda kar\u0131\u015ft\u0131\u011f\u0131 zaman tam yanma ger\u00e7ekle\u015fir. Is\u0131tma amac\u0131yla gaz yak\u0131tlarla \u00e7al\u0131\u015fan f\u0131r\u0131n ve ocaklardan yararlan\u0131labilece\u011fi gibi termosifon ve \u015fofbenlerde biyogazla \u00e7al\u0131\u015ft\u0131r\u0131larak kullan\u0131labilir. Biyogaz, s\u0131v\u0131la\u015ft\u0131r\u0131lm\u0131\u015f petrol gaz\u0131 ile \u00e7al\u0131\u015fan sobalar\u0131n meme \u00e7aplar\u0131nda bas\u0131n\u00e7 ayarlamas\u0131 yap\u0131larak kolayl\u0131kla kullan\u0131labilmektedir. Biyogaz sobalarda kullan\u0131ld\u0131\u011f\u0131nda b\u00fcnyesinde bulunan hidrojen s\u00fclf\u00fcr gaz\u0131n\u0131n yanmadan ortama yay\u0131lmas\u0131n\u0131 \u00f6nlemek \u00fczere bir baca sistemi gerekli olmaktad\u0131r. Bu nedenle, daha sa\u011fl\u0131kl\u0131 bir \u0131s\u0131nma i\u00e7in kalorifer sistemleri tercih edilmektedir.<\/h2>\n<h2 style=\"text-align: center;\"><strong>Biyogaz\u0131n Enerji Ama\u00e7l\u0131 Kullan\u0131lmas\u0131<\/strong><\/h2>\n<h2 style=\"text-align: center;\">Biyogaz hem do\u011frudan yanma hem de elektrik enerjisine \u00e7evrilerek ayd\u0131nlatmada kullan\u0131labilmektedir. Biyogaz\u0131n do\u011frudan ayd\u0131nlatmada kullan\u0131m\u0131nda s\u0131v\u0131la\u015ft\u0131r\u0131lm\u0131\u015f petrol gazlar\u0131 ile \u00e7al\u0131\u015fan lambalardan yararlan\u0131lmaktad\u0131r. Bu sistemde ayd\u0131nlatma alevini artt\u0131rmak \u00fczere amyant g\u00f6mlek ve cam fanus kullan\u0131lmaktad\u0131r. Cam fanus \u0131\u015f\u0131\u011f\u0131 sabitle\u015ftirdi\u011fi gibi \u00e7\u0131kan \u0131s\u0131y\u0131 geri vererek alevin daha fazla olmas\u0131n\u0131 sa\u011flamaktad\u0131r.<\/h2>\n<h2 style=\"text-align: center;\"><strong>Biyogaz\u0131n Motorlarda Kullan\u0131m\u0131<\/strong><\/h2>\n<h2 style=\"text-align: center;\">Biyogaz, benzinle \u00e7al\u0131\u015fan motorlarda\u00a0hi\u00e7bir katk\u0131 maddesine gerek kalmadan do\u011frudan kullan\u0131labildi\u011fi gibi i\u00e7eri\u011findeki metan gaz\u0131 safla\u015ft\u0131r\u0131larak da kullan\u0131labilmektedir. Dizel motorlarda kullan\u0131lmas\u0131 durumunda belirli oranlarda (% 18-20) motorin ile kar\u0131\u015ft\u0131r\u0131lmas\u0131 gerekmektedir.<\/h2>\n<h2 style=\"text-align: center;\"><strong>Yan \u00dcr\u00fcn De\u011ferlendirme \u0130mkanlar\u0131<\/strong><\/h2>\n<h2 style=\"text-align: center;\">Biyogaz \u00fcretimi sonucu s\u0131v\u0131 formda fermente organik g\u00fcbre elde edilmektedir. Elde edilen g\u00fcbre tarlaya s\u0131v\u0131 olarak uygulanabilir, gran\u00fcl haline getirilebilir ve\/veya beton-toprak havuzlarda do\u011fal kurumaya b\u0131rak\u0131labilir. Fermantasyon sonucu elde edilen organik g\u00fcbrenin temel avantaj\u0131 anaerobik fermantasyon sonucunda patojen mikroorganizmalar\u0131n b\u00fcy\u00fck bir b\u00f6l\u00fcm\u00fcn\u00fcn yok olmas\u0131d\u0131r. Bu \u00f6zellik kullan\u0131lacak olan organik g\u00fcbrenin \u00e7ok daha verimli olmas\u0131n\u0131 sa\u011flar.<\/h2>\n<h2 style=\"text-align: center;\">T\u00fcm bu kullan\u0131m alanlar\u0131n\u0131n yan\u0131 s\u0131ra biyogaz \u00e7evreye kar\u015f\u0131 duyarl\u0131 bir enerji kayna\u011f\u0131d\u0131r. Bu y\u00fczden geli\u015fen ko\u015fullarda \u00e7evre kirlili\u011finin \u00f6nlenmesinde ye\u015fil yak\u0131t olarak bilinen organik madde k\u00f6kenli biyogaz kullan\u0131m\u0131 daha \u00f6nemlidir. Biyogaz \u00fcretimi i\u00e7in kullan\u0131lan ham maddeler tar\u0131msal arazilerde \u00fcretildi\u011fi i\u00e7in, tar\u0131msal i\u015fletmelerde gerek seralar\u0131n ve iskan yap\u0131lar\u0131n\u0131n \u0131s\u0131t\u0131lmas\u0131nda gerekse trakt\u00f6rlerin yak\u0131t\u0131 olarak kullan\u0131lmas\u0131nda \u00f6nemli bir fayda sa\u011flayabilmektedir. Bu \u015fekilde kullan\u0131lan biyogaz i\u015fletme maliyetlerini \u00f6nemli \u00f6l\u00e7\u00fcde azaltmaktad\u0131r.<\/h2>\n<h2 style=\"text-align: center;\">Kendi \u00e7iftli\u011finizde kendi enerji ve gaz ihtiya\u00e7lar\u0131n\u0131z\u0131 kar\u015f\u0131layabilece\u011finizi biliyor muydunuz? \u00c7iftli\u011fi olanlar, b\u00fcy\u00fckba\u015f ve k\u00fc\u00e7\u00fckba\u015f hayvan yeti\u015ftiricili\u011fi yapanlar, do\u011fal at\u0131klar\u0131 olan fabrikalar bu \u00e7al\u0131\u015fmam\u0131z tam size g\u00f6re ve size ivme kazand\u0131racak \u00e7al\u0131\u015fmalar\u0131m\u0131z var. \u00c7al\u0131\u015fmalar\u0131m\u0131z kapsam\u0131nda \u00e7iftli\u011finizde olu\u015fan mikroorganizma at\u0131klar\u0131n\u0131 kurmu\u015f oldu\u011fumuz sistemde gaza d\u00f6n\u00fc\u015ft\u00fcr\u00fcyor yine kendi \u00e7iftli\u011finiz ve eviniz i\u00e7in \u0131s\u0131nma ve mutfaktaki gaz ihtiyac\u0131n\u0131z i\u00e7in kulland\u0131r\u0131yoruz. Elbette \u00e7ok say\u0131da hayvan yeti\u015ftiriyorsan\u0131z, biyolojik at\u0131klara sahipseniz \u00fcretti\u011finiz gaz\u0131 satabilirsinizde. Bu alanda gerekli profesyonel \u00e7al\u0131\u015fmalar\u0131 \u0130ler A\u015e m\u00fchendisleri sizler ad\u0131na en iyi \u015fekilde yapmaktad\u0131r. \u00c7iftli\u011finize geliyoruz, bio enerji sistemlerini kuruyoruz kullanmaya ba\u015fl\u0131yorsunuz. Yeralt\u0131 kaynaklar\u0131n\u0131n t\u00fckenmeye ba\u015flamas\u0131, yer alt\u0131 kaynaklar\u0131n\u0131n \u00fcretim maliyetinin artmas\u0131, rezervlerinin azalmas\u0131, d\u00fcnyan\u0131n kirlenmesiyle beraber yeni enerji kaynaklar\u0131na ihtiya\u00e7 duyulmu\u015ftur. G\u00fcne\u015f enerji sistemleri, r\u00fczgar trib\u00fcnleri elektrik ihtiyac\u0131n\u0131za cevap verirken bio enerji de gaz ihtiya\u00e7lar\u0131n\u0131za cevap veren temiz bir enerji sistemidir. Do\u011fadaki canl\u0131 at\u0131klar\u0131yla yap\u0131lan gaz \u00fcretimi gaz ihtiyac\u0131n\u0131z\u0131 kar\u015f\u0131lamaktad\u0131r. M\u00fchendislerimizin sizler i\u00e7in yapt\u0131\u011f\u0131 \u00e7al\u0131\u015fmalarda canl\u0131 at\u0131klar\u0131n gaza nas\u0131l d\u00f6n\u00fc\u015ft\u00fc\u011f\u00fcn\u00fc g\u00f6recek hemen kullanmaya ba\u015flayacaks\u0131n\u0131z&#8230;<\/h2>\n<\/div><div class=\"awb-gallery-wrapper awb-gallery-wrapper-1 button-span-no\"><div style=\"margin:-9px;--awb-aspect-ratio:1 \/ 1;--awb-bordersize:0px;--awb-border-radius:15px;--awb-columns-medium:100%;--awb-columns-small:100%;\" class=\"fusion-gallery fusion-gallery-container fusion-grid-3 fusion-columns-total-9 fusion-gallery-layout-grid fusion-gallery-1 has-aspect-ratio\"><div style=\"padding:9px;\" class=\"fusion-grid-column fusion-gallery-column fusion-gallery-column-3 hover-type-none\"><div class=\"fusion-gallery-image\"><a href=\"https:\/\/www.ileras.com.tr\/tr\/wp-content\/uploads\/2017\/04\/windmill.jpg\" rel=\"noreferrer\" data-rel=\"iLightbox[gallery_image_1]\" class=\"fusion-lightbox\" target=\"_self\"><img decoding=\"async\" src=\"https:\/\/www.ileras.com.tr\/tr\/wp-content\/uploads\/2017\/04\/windmill.jpg\" width=\"600\" height=\"400\" alt=\"\" title=\"SONY DSC\" aria-label=\"SONY DSC\" class=\"img-responsive wp-image-112\" srcset=\"https:\/\/www.ileras.com.tr\/tr\/wp-content\/uploads\/2017\/04\/windmill-200x133.jpg 200w, https:\/\/www.ileras.com.tr\/tr\/wp-content\/uploads\/2017\/04\/windmill-400x267.jpg 400w, https:\/\/www.ileras.com.tr\/tr\/wp-content\/uploads\/2017\/04\/windmill.jpg 600w\" sizes=\"(min-width: 2200px) 100vw, (min-width: 784px) 361px, (min-width: 712px) 541px, (min-width: 640px) 712px, \" \/><\/a><\/div><\/div><div style=\"padding:9px;\" class=\"fusion-grid-column fusion-gallery-column fusion-gallery-column-3 hover-type-none\"><div class=\"fusion-gallery-image\"><a href=\"https:\/\/www.ileras.com.tr\/tr\/wp-content\/uploads\/2017\/04\/shutterstock_233257450.jpg\" rel=\"noreferrer\" data-rel=\"iLightbox[gallery_image_1]\" class=\"fusion-lightbox\" target=\"_self\"><img decoding=\"async\" src=\"https:\/\/www.ileras.com.tr\/tr\/wp-content\/uploads\/2017\/04\/shutterstock_233257450.jpg\" width=\"600\" height=\"400\" alt=\"\" title=\"shutterstock_233257450\" aria-label=\"shutterstock_233257450\" class=\"img-responsive wp-image-111\" srcset=\"https:\/\/www.ileras.com.tr\/tr\/wp-content\/uploads\/2017\/04\/shutterstock_233257450-200x133.jpg 200w, https:\/\/www.ileras.com.tr\/tr\/wp-content\/uploads\/2017\/04\/shutterstock_233257450-400x267.jpg 400w, https:\/\/www.ileras.com.tr\/tr\/wp-content\/uploads\/2017\/04\/shutterstock_233257450.jpg 600w\" sizes=\"(min-width: 2200px) 100vw, (min-width: 784px) 361px, (min-width: 712px) 541px, (min-width: 640px) 712px, \" \/><\/a><\/div><\/div><div style=\"padding:9px;\" class=\"fusion-grid-column fusion-gallery-column fusion-gallery-column-3 hover-type-none\"><div class=\"fusion-gallery-image\"><a href=\"https:\/\/www.ileras.com.tr\/tr\/wp-content\/uploads\/2017\/04\/shutterstock_176560250.jpg\" rel=\"noreferrer\" data-rel=\"iLightbox[gallery_image_1]\" class=\"fusion-lightbox\" target=\"_self\"><img decoding=\"async\" src=\"https:\/\/www.ileras.com.tr\/tr\/wp-content\/uploads\/2017\/04\/shutterstock_176560250.jpg\" width=\"600\" height=\"400\" alt=\"\" title=\"shutterstock_176560250\" aria-label=\"shutterstock_176560250\" class=\"img-responsive wp-image-110\" srcset=\"https:\/\/www.ileras.com.tr\/tr\/wp-content\/uploads\/2017\/04\/shutterstock_176560250-200x133.jpg 200w, https:\/\/www.ileras.com.tr\/tr\/wp-content\/uploads\/2017\/04\/shutterstock_176560250-400x267.jpg 400w, https:\/\/www.ileras.com.tr\/tr\/wp-content\/uploads\/2017\/04\/shutterstock_176560250.jpg 600w\" sizes=\"(min-width: 2200px) 100vw, (min-width: 784px) 361px, (min-width: 712px) 541px, (min-width: 640px) 712px, \" \/><\/a><\/div><\/div><div class=\"clearfix\"><\/div><div style=\"padding:9px;\" class=\"fusion-grid-column fusion-gallery-column fusion-gallery-column-3 hover-type-none\"><div class=\"fusion-gallery-image\"><a href=\"https:\/\/www.ileras.com.tr\/tr\/wp-content\/uploads\/2017\/04\/shutterstock_110700254.jpg\" rel=\"noreferrer\" data-rel=\"iLightbox[gallery_image_1]\" class=\"fusion-lightbox\" target=\"_self\"><img decoding=\"async\" src=\"https:\/\/www.ileras.com.tr\/tr\/wp-content\/uploads\/2017\/04\/shutterstock_110700254.jpg\" width=\"600\" height=\"400\" alt=\"\" title=\"shutterstock_110700254\" aria-label=\"shutterstock_110700254\" class=\"img-responsive wp-image-109\" srcset=\"https:\/\/www.ileras.com.tr\/tr\/wp-content\/uploads\/2017\/04\/shutterstock_110700254-200x133.jpg 200w, https:\/\/www.ileras.com.tr\/tr\/wp-content\/uploads\/2017\/04\/shutterstock_110700254-400x267.jpg 400w, https:\/\/www.ileras.com.tr\/tr\/wp-content\/uploads\/2017\/04\/shutterstock_110700254.jpg 600w\" sizes=\"(min-width: 2200px) 100vw, (min-width: 784px) 361px, (min-width: 712px) 541px, (min-width: 640px) 712px, \" \/><\/a><\/div><\/div><div style=\"padding:9px;\" class=\"fusion-grid-column fusion-gallery-column fusion-gallery-column-3 hover-type-none\"><div class=\"fusion-gallery-image\"><a href=\"https:\/\/www.ileras.com.tr\/tr\/wp-content\/uploads\/2017\/04\/shutterstock_107156771.jpg\" rel=\"noreferrer\" data-rel=\"iLightbox[gallery_image_1]\" class=\"fusion-lightbox\" target=\"_self\"><img decoding=\"async\" src=\"https:\/\/www.ileras.com.tr\/tr\/wp-content\/uploads\/2017\/04\/shutterstock_107156771.jpg\" width=\"600\" height=\"600\" alt=\"\" title=\"shutterstock_107156771\" aria-label=\"shutterstock_107156771\" class=\"img-responsive wp-image-108\" srcset=\"https:\/\/www.ileras.com.tr\/tr\/wp-content\/uploads\/2017\/04\/shutterstock_107156771-200x200.jpg 200w, https:\/\/www.ileras.com.tr\/tr\/wp-content\/uploads\/2017\/04\/shutterstock_107156771-400x400.jpg 400w, https:\/\/www.ileras.com.tr\/tr\/wp-content\/uploads\/2017\/04\/shutterstock_107156771.jpg 600w\" sizes=\"(min-width: 2200px) 100vw, (min-width: 784px) 361px, (min-width: 712px) 541px, (min-width: 640px) 712px, \" \/><\/a><\/div><\/div><div style=\"padding:9px;\" class=\"fusion-grid-column fusion-gallery-column fusion-gallery-column-3 hover-type-none\"><div class=\"fusion-gallery-image\"><a href=\"https:\/\/www.ileras.com.tr\/tr\/wp-content\/uploads\/2017\/04\/shutterstock_89738425.jpg\" rel=\"noreferrer\" data-rel=\"iLightbox[gallery_image_1]\" class=\"fusion-lightbox\" target=\"_self\"><img decoding=\"async\" src=\"https:\/\/www.ileras.com.tr\/tr\/wp-content\/uploads\/2017\/04\/shutterstock_89738425.jpg\" width=\"600\" height=\"300\" alt=\"\" title=\"shutterstock_89738425\" aria-label=\"shutterstock_89738425\" class=\"img-responsive wp-image-107\" srcset=\"https:\/\/www.ileras.com.tr\/tr\/wp-content\/uploads\/2017\/04\/shutterstock_89738425-200x100.jpg 200w, https:\/\/www.ileras.com.tr\/tr\/wp-content\/uploads\/2017\/04\/shutterstock_89738425-400x200.jpg 400w, https:\/\/www.ileras.com.tr\/tr\/wp-content\/uploads\/2017\/04\/shutterstock_89738425.jpg 600w\" sizes=\"(min-width: 2200px) 100vw, (min-width: 784px) 361px, (min-width: 712px) 541px, (min-width: 640px) 712px, \" \/><\/a><\/div><\/div><div class=\"clearfix\"><\/div><div style=\"padding:9px;\" class=\"fusion-grid-column fusion-gallery-column fusion-gallery-column-3 hover-type-none\"><div class=\"fusion-gallery-image\"><a href=\"https:\/\/www.ileras.com.tr\/tr\/wp-content\/uploads\/2017\/04\/shutterstock_85753825.jpg\" rel=\"noreferrer\" data-rel=\"iLightbox[gallery_image_1]\" class=\"fusion-lightbox\" target=\"_self\"><img decoding=\"async\" src=\"https:\/\/www.ileras.com.tr\/tr\/wp-content\/uploads\/2017\/04\/shutterstock_85753825.jpg\" width=\"600\" height=\"498\" alt=\"\" title=\"shutterstock_85753825\" aria-label=\"shutterstock_85753825\" class=\"img-responsive wp-image-106\" srcset=\"https:\/\/www.ileras.com.tr\/tr\/wp-content\/uploads\/2017\/04\/shutterstock_85753825-200x166.jpg 200w, https:\/\/www.ileras.com.tr\/tr\/wp-content\/uploads\/2017\/04\/shutterstock_85753825-400x332.jpg 400w, https:\/\/www.ileras.com.tr\/tr\/wp-content\/uploads\/2017\/04\/shutterstock_85753825.jpg 600w\" sizes=\"(min-width: 2200px) 100vw, (min-width: 784px) 361px, (min-width: 712px) 541px, (min-width: 640px) 712px, \" \/><\/a><\/div><\/div><div style=\"padding:9px;\" class=\"fusion-grid-column fusion-gallery-column fusion-gallery-column-3 hover-type-none\"><div class=\"fusion-gallery-image\"><a href=\"https:\/\/www.ileras.com.tr\/tr\/wp-content\/uploads\/2017\/04\/shutterstock_65944045.jpg\" rel=\"noreferrer\" data-rel=\"iLightbox[gallery_image_1]\" class=\"fusion-lightbox\" target=\"_self\"><img decoding=\"async\" src=\"https:\/\/www.ileras.com.tr\/tr\/wp-content\/uploads\/2017\/04\/shutterstock_65944045.jpg\" width=\"600\" height=\"400\" alt=\"\" title=\"shutterstock_65944045\" aria-label=\"shutterstock_65944045\" class=\"img-responsive wp-image-105\" srcset=\"https:\/\/www.ileras.com.tr\/tr\/wp-content\/uploads\/2017\/04\/shutterstock_65944045-200x133.jpg 200w, https:\/\/www.ileras.com.tr\/tr\/wp-content\/uploads\/2017\/04\/shutterstock_65944045-400x267.jpg 400w, https:\/\/www.ileras.com.tr\/tr\/wp-content\/uploads\/2017\/04\/shutterstock_65944045.jpg 600w\" sizes=\"(min-width: 2200px) 100vw, (min-width: 784px) 361px, (min-width: 712px) 541px, (min-width: 640px) 712px, \" \/><\/a><\/div><\/div><div style=\"padding:9px;\" class=\"fusion-grid-column fusion-gallery-column fusion-gallery-column-3 hover-type-none\"><div class=\"fusion-gallery-image\"><a href=\"https:\/\/www.ileras.com.tr\/tr\/wp-content\/uploads\/2017\/04\/shutterstock_61518634.jpg\" rel=\"noreferrer\" data-rel=\"iLightbox[gallery_image_1]\" class=\"fusion-lightbox\" target=\"_self\"><img decoding=\"async\" src=\"https:\/\/www.ileras.com.tr\/tr\/wp-content\/uploads\/2017\/04\/shutterstock_61518634.jpg\" width=\"581\" height=\"600\" alt=\"\" title=\"shutterstock_61518634\" aria-label=\"shutterstock_61518634\" class=\"img-responsive wp-image-104\" srcset=\"https:\/\/www.ileras.com.tr\/tr\/wp-content\/uploads\/2017\/04\/shutterstock_61518634-200x207.jpg 200w, https:\/\/www.ileras.com.tr\/tr\/wp-content\/uploads\/2017\/04\/shutterstock_61518634-400x413.jpg 400w, https:\/\/www.ileras.com.tr\/tr\/wp-content\/uploads\/2017\/04\/shutterstock_61518634.jpg 581w\" sizes=\"(min-width: 2200px) 100vw, (min-width: 784px) 361px, (min-width: 712px) 541px, (min-width: 640px) 712px, \" \/><\/a><\/div><\/div><div class=\"clearfix\"><\/div><\/div><\/div><\/div><\/div><\/div><\/div><\/p>\n","protected":false},"excerpt":{"rendered":"","protected":false},"author":1,"featured_media":0,"parent":0,"menu_order":0,"comment_status":"closed","ping_status":"closed","template":"100-width.php","meta":{"footnotes":""},"class_list":["post-16","page","type-page","status-publish","hentry"],"_links":{"self":[{"href":"https:\/\/www.ileras.com.tr\/tr\/wp-json\/wp\/v2\/pages\/16","targetHints":{"allow":["GET"]}}],"collection":[{"href":"https:\/\/www.ileras.com.tr\/tr\/wp-json\/wp\/v2\/pages"}],"about":[{"href":"https:\/\/www.ileras.com.tr\/tr\/wp-json\/wp\/v2\/types\/page"}],"author":[{"embeddable":true,"href":"https:\/\/www.ileras.com.tr\/tr\/wp-json\/wp\/v2\/users\/1"}],"replies":[{"embeddable":true,"href":"https:\/\/www.ileras.com.tr\/tr\/wp-json\/wp\/v2\/comments?post=16"}],"version-history":[{"count":14,"href":"https:\/\/www.ileras.com.tr\/tr\/wp-json\/wp\/v2\/pages\/16\/revisions"}],"predecessor-version":[{"id":228,"href":"https:\/\/www.ileras.com.tr\/tr\/wp-json\/wp\/v2\/pages\/16\/revisions\/228"}],"wp:attachment":[{"href":"https:\/\/www.ileras.com.tr\/tr\/wp-json\/wp\/v2\/media?parent=16"}],"curies":[{"name":"wp","href":"https:\/\/api.w.org\/{rel}","templated":true}]}}