{"id":23,"date":"2017-04-18T18:31:23","date_gmt":"2017-04-18T15:31:23","guid":{"rendered":"http:\/\/ileras.com.tr\/tr\/?page_id=23"},"modified":"2022-03-11T17:57:43","modified_gmt":"2022-03-11T14:57:43","slug":"iletisim","status":"publish","type":"page","link":"https:\/\/www.ileras.com.tr\/tr\/iletisim\/","title":{"rendered":"\u0130LET\u0130\u015e\u0130M"},"content":{"rendered":"<div class=\"fusion-fullwidth fullwidth-box fusion-builder-row-1 fusion-flex-container nonhundred-percent-fullwidth non-hundred-percent-height-scrolling\" style=\"--awb-border-radius-top-left:0px;--awb-border-radius-top-right:0px;--awb-border-radius-bottom-right:0px;--awb-border-radius-bottom-left:0px;--awb-flex-wrap:wrap;\" ><div class=\"fusion-builder-row fusion-row fusion-flex-align-items-flex-start fusion-flex-content-wrap\" style=\"max-width:1144px;margin-left: calc(-4% \/ 2 );margin-right: calc(-4% \/ 2 );\"><div class=\"fusion-layout-column fusion_builder_column fusion-builder-column-0 fusion_builder_column_1_1 1_1 fusion-flex-column\" style=\"--awb-bg-size:cover;--awb-width-large:100%;--awb-margin-top-large:0px;--awb-spacing-right-large:1.92%;--awb-margin-bottom-large:0px;--awb-spacing-left-large:1.92%;--awb-width-medium:100%;--awb-spacing-right-medium:1.92%;--awb-spacing-left-medium:1.92%;--awb-width-small:100%;--awb-spacing-right-small:1.92%;--awb-spacing-left-small:1.92%;\"><div class=\"fusion-column-wrapper fusion-flex-justify-content-flex-start fusion-content-layout-column\"><div class=\"fusion-flip-boxes flip-boxes row fusion-columns-1 flip-effect-classic\"><div class=\"fusion-flip-box-wrapper fusion-column col-lg-12 col-md-12 col-sm-12\"><div class=\"fusion-flip-box flip-right\" tabindex=\"0\"><div class=\"flip-box-inner-wrapper\"><div class=\"flip-box-front\" style=\"--awb-background-color-front:#00a002;--awb-title-front-color:#ffffff;--awb-text-front-color:#ffffff;\"><div class=\"flip-box-front-inner\"><div class=\"flip-box-grafix flip-box-image\"><img decoding=\"async\" src=\"http:\/\/ileras.com.tr\/tr\/wp-content\/uploads\/2017\/04\/iler200.png\" width=\"200\" height=\"200\" alt=\"\" \/><\/div><h2 class=\"flip-box-heading without-text\">\u0130LET\u0130\u015e\u0130M<\/h2><\/div><\/div><div class=\"flip-box-back\" style=\"--awb-background-color-back:#9e0000;--awb-title-back-color:#ffffff;\"><div class=\"flip-box-back-inner\"><h3 class=\"flip-box-heading-back\">\u0130LET\u0130\u015e\u0130M<\/h3>\n<h1 style=\"text-align: center;\"><span style=\"color: #ffffff;\">\u0130LET\u0130\u015e\u0130M<\/span><\/h1>\n<p style=\"text-align: center;\"><\/div><\/div><\/div><\/div><\/div><\/div><div class=\"fusion-text fusion-text-1\"><p style=\"text-align: center;\">\u00a0<\/p>\n<\/div><div class=\"fusion-flip-boxes flip-boxes row fusion-columns-2 flip-effect-classic\"><div class=\"fusion-flip-box-wrapper fusion-column col-lg-6 col-md-6 col-sm-6\"><div class=\"fusion-flip-box flip-right\" tabindex=\"0\"><div class=\"flip-box-inner-wrapper\"><div class=\"flip-box-front\" style=\"--awb-background-color-front:#d60000;--awb-title-front-color:#ffffff;--awb-text-front-color:#ffffff;\"><div class=\"flip-box-front-inner\"><div class=\"flip-box-grafix flip-box-no-circle\"><i aria-hidden=\"true\" class=\" fa fa-user\"><\/i><\/div><h2 class=\"flip-box-heading without-text\">\u0130LYAS SA\u011eLAM<\/h2><\/div><\/div><div class=\"flip-box-back\" style=\"--awb-background-color-back:#d60000;--awb-title-back-color:#ffffff;\"><div class=\"flip-box-back-inner\"><h3 class=\"flip-box-heading-back\">\u0130LYAS SA\u011eLAM<\/h3>\n<h1 style=\"text-align: center;\"><span style=\"color: #ffffff;\">\u0130LYAS SA\u011eLAM<\/span><\/h1>\n<h2 style=\"text-align: center;\"><span style=\"color: #ffffff;\"><a style=\"color: #ffffff;\" href=\"tel:+90 272 213 4537\">+90 272 213 4537<\/a><\/span><\/h2>\n<h2 style=\"text-align: center;\"><span style=\"color: #ffffff;\"><a style=\"color: #ffffff;\" href=\"tel:+90 532 789 8402\">+90 532 789 8402<\/a><\/span><\/h2>\n<h2 style=\"text-align: center;\"><span style=\"color: #ffffff;\">ilyas@ileras.com.tr<\/span><\/h2>\n<p style=\"text-align: center;\"><\/div><\/div><\/div><\/div><\/div><div class=\"fusion-flip-box-wrapper fusion-column col-lg-6 col-md-6 col-sm-6\"><div class=\"fusion-flip-box flip-right\" tabindex=\"0\"><div class=\"flip-box-inner-wrapper\"><div class=\"flip-box-front\" style=\"--awb-background-color-front:#d8b800;--awb-title-front-color:#ffffff;--awb-text-front-color:#ffffff;\"><div class=\"flip-box-front-inner\"><div class=\"flip-box-grafix flip-box-no-circle\"><i aria-hidden=\"true\" class=\"fa-user fas\"><\/i><\/div><h2 class=\"flip-box-heading without-text\">ERKAN SA\u011eLAM<\/h2><\/div><\/div><div class=\"flip-box-back\" style=\"--awb-background-color-back:#d8b800;--awb-title-back-color:#ffffff;\"><div class=\"flip-box-back-inner\"><h3 class=\"flip-box-heading-back\">ERKAN SA\u011eLAM<\/h3>\n<h1 style=\"text-align: center;\"><span style=\"color: #ffffff;\">ERKAN SA\u011eLAM<\/span><\/h1>\n<h2 style=\"text-align: center;\"><span style=\"color: #ffffff;\"><a style=\"color: #ffffff;\" href=\"tel:+90 272 213 4537\">+90 272 213 4537<\/a><\/span><\/h2>\n<h2 style=\"text-align: center;\"><span style=\"color: #ffffff;\"><a style=\"color: #ffffff;\" href=\"tel:+90 532 774 2413\">+90 532 774 2413<\/a><\/span><\/h2>\n<h2 style=\"text-align: center;\"><span style=\"color: #ffffff;\">erkan@ileras.com.tr<\/span><\/h2>\n<\/div><\/div><\/div><\/div><\/div><\/div><div class=\"fusion-text fusion-text-2\" style=\"--awb-text-transform:none;\"><h1 style=\"text-align: center;\">Karaman Mah. Leylak Cad.<\/h1>\n<h1 style=\"text-align: center;\">Berk apt. No: 4\/B<\/h1>\n<h1 style=\"text-align: center;\">Merkez \/ Afyonkarahisar &#8211; Turkey<\/h1>\n<\/div>\t\t\t\t\t<script type=\"text\/javascript\">\n\t\t\t\t\t\tvar map_fusion_map_69f57bbcc5215;\n\t\t\t\t\t\tvar markers = [];\n\t\t\t\t\t\tvar counter = 0;\n\t\t\t\t\t\t\t\t\t\t\t\t\t\t\t\t\t\t\t\tvar fusionMapNonce = 'ae811a1792';\n\t\t\t\t\t\t\t\t\t\t\t\tfunction fusion_run_map_fusion_map_69f57bbcc5215() {\n\t\t\t\t\t\t\tjQuery ('#fusion_map_69f57bbcc5215' ).fusion_maps( {\n\t\t\t\t\t\t\t\taddresses: [{\"address\":\"38.758857, 30.538911\",\"infobox_content\":\"\",\"marker\":\"http:\\\/\\\/ileras.com.tr\\\/tr\\\/wp-content\\\/uploads\\\/2017\\\/04\\\/map.png\",\"coordinates\":true,\"latitude\":\"38.758857\",\"longitude\":\" 30.538911\",\"cache\":true,\"geocoded_address\":\"Karaman Mahallesi, 27 A\\u011fustos Sk. 4a, 03200 Afyonkarahisar Merkez\\\/Afyonkarahisar, T\\u00fcrkiye\"}],\n\t\t\t\t\t\t\t\tanimations: true,\n\t\t\t\t\t\t\t\tinfobox_background_color: '',\n\t\t\t\t\t\t\t\tinfobox_styling: 'default',\n\t\t\t\t\t\t\t\tinfobox_text_color: '',\n\t\t\t\t\t\t\t\tmap_style: 'custom',\n\t\t\t\t\t\t\t\tmap_type: 'roadmap',\n\t\t\t\t\t\t\t\tmarker_icon: 'http:\/\/ileras.com.tr\/tr\/wp-content\/uploads\/2017\/04\/map.png',\n\t\t\t\t\t\t\t\toverlay_color: '#03a9f4',\n\t\t\t\t\t\t\t\toverlay_color_hsl: {\"hue\":199,\"sat\":98,\"lum\":48},\n\t\t\t\t\t\t\t\tshow_address: true,\n\t\t\t\t\t\t\t\tscale_control: true,\n\t\t\t\t\t\t\t\tscrollwheel: true,\n\t\t\t\t\t\t\t\tzoom: 14,\n\t\t\t\t\t\t\t\tzoom_control: true,\n\t\t\t\t\t\t\t} );\n\t\t\t\t\t\t}\n\n\t\t\t\t\t\tgoogle.maps.event.addDomListener(window, 'load', fusion_run_map_fusion_map_69f57bbcc5215);\n\t\t\t\t\t<\/script>\n\t\t\t\t\t<div class=\"shortcode-map fusion-google-map fusion-maps-js-type\" style=\"--awb-height:450px;--awb-width:1300px;\" id=\"fusion_map_69f57bbcc5215\"><\/div><\/div><\/div><\/div><\/div>\n","protected":false},"excerpt":{"rendered":"","protected":false},"author":1,"featured_media":0,"parent":0,"menu_order":0,"comment_status":"closed","ping_status":"closed","template":"100-width.php","meta":{"footnotes":""},"class_list":["post-23","page","type-page","status-publish","hentry"],"_links":{"self":[{"href":"https:\/\/www.ileras.com.tr\/tr\/wp-json\/wp\/v2\/pages\/23","targetHints":{"allow":["GET"]}}],"collection":[{"href":"https:\/\/www.ileras.com.tr\/tr\/wp-json\/wp\/v2\/pages"}],"about":[{"href":"https:\/\/www.ileras.com.tr\/tr\/wp-json\/wp\/v2\/types\/page"}],"author":[{"embeddable":true,"href":"https:\/\/www.ileras.com.tr\/tr\/wp-json\/wp\/v2\/users\/1"}],"replies":[{"embeddable":true,"href":"https:\/\/www.ileras.com.tr\/tr\/wp-json\/wp\/v2\/comments?post=23"}],"version-history":[{"count":15,"href":"https:\/\/www.ileras.com.tr\/tr\/wp-json\/wp\/v2\/pages\/23\/revisions"}],"predecessor-version":[{"id":185,"href":"https:\/\/www.ileras.com.tr\/tr\/wp-json\/wp\/v2\/pages\/23\/revisions\/185"}],"wp:attachment":[{"href":"https:\/\/www.ileras.com.tr\/tr\/wp-json\/wp\/v2\/media?parent=23"}],"curies":[{"name":"wp","href":"https:\/\/api.w.org\/{rel}","templated":true}]}}